{"id":8699,"date":"2025-12-22T12:03:16","date_gmt":"2025-12-22T12:03:16","guid":{"rendered":"https:\/\/sirintrading.com\/?post_type=product&#038;p=8699"},"modified":"2025-12-23T20:09:34","modified_gmt":"2025-12-23T20:09:34","slug":"vaj-i-fares-se-zeze-wholesale","status":"publish","type":"product","link":"https:\/\/sirintrading.com\/sq\/produkt\/vaj-i-fares-se-zeze-wholesale\/","title":{"rendered":"Vaj i far\u00ebs s\u00eb zez\u00eb &#8211; Wholesale"},"content":{"rendered":"<p data-start=\"42\" data-end=\"396\"><strong data-start=\"42\" data-end=\"83\">Vaji i Far\u00ebs s\u00eb Zez\u00eb (Nigella Sativa)<\/strong> \u00ebsht\u00eb nj\u00eb nga vajrat natyral\u00eb m\u00eb t\u00eb fuqish\u00ebm dhe m\u00eb t\u00eb vler\u00ebsuar q\u00eb prej mij\u00ebra vitesh p\u00ebr vetit\u00eb e tij sh\u00ebruese dhe mbrojt\u00ebse p\u00ebr organizmin. I nxjerr\u00eb nga farat e bim\u00ebs <em data-start=\"255\" data-end=\"271\">Nigella Sativa<\/em>, ky vaj \u00ebsht\u00eb i pasur me antioksidant\u00eb, acide yndyrore esenciale dhe p\u00ebrb\u00ebr\u00ebs aktiv\u00eb q\u00eb mb\u00ebshtesin sh\u00ebndetin e p\u00ebrgjithsh\u00ebm.<\/p>\n<h3 data-start=\"398\" data-end=\"425\">&#x1f33f; P\u00ebrfitimet kryesore:<\/h3>\n<p data-start=\"428\" data-end=\"504\"><strong data-start=\"428\" data-end=\"456\">Forcon sistemin imunitar<\/strong> dhe ndihmon trupin t\u00eb mbrohet nga infeksionet<br \/>\n<strong data-start=\"507\" data-end=\"538\">Mb\u00ebshtet sh\u00ebndetin e zemr\u00ebs<\/strong> dhe ndihmon n\u00eb balancimin e kolesterolit<br \/>\n<strong data-start=\"584\" data-end=\"606\">P\u00ebrmir\u00ebson tretjen<\/strong> dhe ndihmon n\u00eb qet\u00ebsimin e problemeve gastrointestinale<br \/>\n<strong data-start=\"667\" data-end=\"704\">I dobish\u00ebm p\u00ebr l\u00ebkur\u00ebn dhe flok\u00ebt<\/strong>, duke ndihmuar n\u00eb rigjenerim, hidratim dhe reduktim t\u00eb irritimeve<br \/>\n<strong data-start=\"775\" data-end=\"822\">Ka veti anti-inflamatore dhe antibakteriale<\/strong> natyrale<\/p>\n<h3 data-start=\"835\" data-end=\"852\">&#x1f9f4; P\u00ebrdorimi:<\/h3>\n<p data-start=\"853\" data-end=\"891\">Vaji i far\u00ebs s\u00eb zez\u00eb mund t\u00eb p\u00ebrdoret:<\/p>\n<p data-start=\"894\" data-end=\"964\"><strong data-start=\"894\" data-end=\"906\">Nga goja<\/strong>, si suplement natyral (sipas k\u00ebshill\u00ebs s\u00eb specialistit)<br \/>\n<strong data-start=\"967\" data-end=\"982\">Topikalisht<\/strong>, p\u00ebr masazh t\u00eb l\u00ebkur\u00ebs, skalpit ose zonave problematike<\/p>\n<h3 data-start=\"1042\" data-end=\"1056\">&#x2b50; Cil\u00ebsia:<\/h3>\n<p data-start=\"1059\" data-end=\"1073\">100% natyral<br \/>\nI presuar n\u00eb t\u00eb ftoht\u00eb<br \/>\nPa aditiv\u00eb, konservant\u00eb apo kimikate<\/p>\n<p data-start=\"1143\" data-end=\"1262\" data-is-last-node=\"\" data-is-only-node=\"\">Nj\u00eb zgjedhje ideale p\u00ebr ata q\u00eb k\u00ebrkojn\u00eb <strong data-start=\"1183\" data-end=\"1214\">kujdes natyral dhe holistik<\/strong> p\u00ebr trupin dhe mir\u00ebqenien e tyre t\u00eb p\u00ebrditshme.<\/p>","protected":false},"excerpt":{"rendered":"<div class=\"flex flex-col text-sm pb-25\">\n<article class=\"text-token-text-primary w-full focus:outline-none [--shadow-height:45px] has-data-writing-block:pointer-events-none has-data-writing-block:-mt-(--shadow-height) has-data-writing-block:pt-(--shadow-height) [&amp;:has([data-writing-block])&gt;*]:pointer-events-auto scroll-mt-[calc(var(--header-height)+min(200px,max(70px,20svh)))]\" dir=\"auto\" tabindex=\"-1\" data-turn-id=\"request-WEB:da1be204-afad-436c-a071-f644ccc74c1b-9\" data-testid=\"conversation-turn-4\" data-scroll-anchor=\"true\" data-turn=\"assistant\">\n<div class=\"text-base my-auto mx-auto pb-10 [--thread-content-margin:--spacing(4)] @w-sm\/main:[--thread-content-margin:--spacing(6)] @w-lg\/main:[--thread-content-margin:--spacing(16)] px-(--thread-content-margin)\">\n<div class=\"[--thread-content-max-width:40rem] @w-lg\/main:[--thread-content-max-width:48rem] mx-auto max-w-(--thread-content-max-width) flex-1 group\/turn-messages focus-visible:outline-hidden relative flex w-full min-w-0 flex-col agent-turn\" tabindex=\"-1\">\n<div class=\"flex max-w-full flex-col grow\">\n<div class=\"min-h-8 text-message relative flex w-full flex-col items-end gap-2 text-start break-words whitespace-normal [.text-message+&amp;]:mt-1\" dir=\"auto\" data-message-author-role=\"assistant\" data-message-id=\"c31344c4-d62a-429d-91db-bf7150e94cbb\" data-message-model-slug=\"gpt-5-2\">\n<div class=\"flex w-full flex-col gap-1 empty:hidden first:pt-[1px]\">\n<div class=\"markdown prose dark:prose-invert w-full break-words dark markdown-new-styling\">\n<p data-start=\"0\" data-end=\"231\" data-is-last-node=\"\" data-is-only-node=\"\">Vaj 100% natyral i far\u00ebs s\u00eb zez\u00eb (Nigella Sativa), i presuar n\u00eb t\u00eb ftoht\u00eb, i pasur me antioksidant\u00eb dhe acide yndyrore esenciale. Ndihmon n\u00eb forcimin e imunitetit, p\u00ebrmir\u00ebsimin e tretjes dhe kujdesin natyral p\u00ebr l\u00ebkur\u00ebn dhe flok\u00ebt.<\/p>\n<\/div>\n<\/div>\n<\/div>\n<\/div>\n<div class=\"z-0 flex min-h-[46px] justify-start\"><\/div>\n<div class=\"mt-3 w-full empty:hidden\">\n<div class=\"text-center\"><\/div>\n<\/div>\n<\/div>\n<\/div>\n<\/article>\n<\/div>\n<div class=\"pointer-events-none h-px w-px absolute bottom-0\" aria-hidden=\"true\" data-edge=\"true\"><\/div>\n","protected":false},"featured_media":8700,"comment_status":"open","ping_status":"closed","template":"","meta":{"site-sidebar-layout":"default","site-content-layout":"","ast-site-content-layout":"default","site-content-style":"default","site-sidebar-style":"default","ast-global-header-display":"","ast-banner-title-visibility":"","ast-main-header-display":"","ast-hfb-above-header-display":"","ast-hfb-below-header-display":"","ast-hfb-mobile-header-display":"","site-post-title":"","ast-breadcrumbs-content":"","ast-featured-img":"","footer-sml-layout":"","ast-disable-related-posts":"","theme-transparent-header-meta":"default","adv-header-id-meta":"","stick-header-meta":"","header-above-stick-meta":"","header-main-stick-meta":"","header-below-stick-meta":"","astra-migrate-meta-layouts":"set","ast-page-background-enabled":"default","ast-page-background-meta":{"desktop":{"background-color":"","background-image":"","background-repeat":"repeat","background-position":"center center","background-size":"auto","background-attachment":"scroll","background-type":"","background-media":"","overlay-type":"","overlay-color":"","overlay-opacity":"","overlay-gradient":""},"tablet":{"background-color":"","background-image":"","background-repeat":"repeat","background-position":"center center","background-size":"auto","background-attachment":"scroll","background-type":"","background-media":"","overlay-type":"","overlay-color":"","overlay-opacity":"","overlay-gradient":""},"mobile":{"background-color":"","background-image":"","background-repeat":"repeat","background-position":"center center","background-size":"auto","background-attachment":"scroll","background-type":"","background-media":"","overlay-type":"","overlay-color":"","overlay-opacity":"","overlay-gradient":""}},"ast-content-background-meta":{"desktop":{"background-color":"var(--ast-global-color-5)","background-image":"","background-repeat":"repeat","background-position":"center center","background-size":"auto","background-attachment":"scroll","background-type":"","background-media":"","overlay-type":"","overlay-color":"","overlay-opacity":"","overlay-gradient":""},"tablet":{"background-color":"var(--ast-global-color-5)","background-image":"","background-repeat":"repeat","background-position":"center center","background-size":"auto","background-attachment":"scroll","background-type":"","background-media":"","overlay-type":"","overlay-color":"","overlay-opacity":"","overlay-gradient":""},"mobile":{"background-color":"var(--ast-global-color-5)","background-image":"","background-repeat":"repeat","background-position":"center center","background-size":"auto","background-attachment":"scroll","background-type":"","background-media":"","overlay-type":"","overlay-color":"","overlay-opacity":"","overlay-gradient":""}}},"product_brand":[],"product_cat":[34,33],"product_tag":[],"class_list":{"0":"post-8699","1":"product","2":"type-product","3":"status-publish","4":"has-post-thumbnail","6":"product_cat-oil","7":"product_cat-wholesale","8":"desktop-align-center","9":"tablet-align-center","10":"mobile-align-center","12":"first","13":"instock","14":"sale","15":"shipping-taxable","16":"purchasable","17":"product-type-variable"},"_links":{"self":[{"href":"https:\/\/sirintrading.com\/sq\/wp-json\/wp\/v2\/product\/8699","targetHints":{"allow":["GET"]}}],"collection":[{"href":"https:\/\/sirintrading.com\/sq\/wp-json\/wp\/v2\/product"}],"about":[{"href":"https:\/\/sirintrading.com\/sq\/wp-json\/wp\/v2\/types\/product"}],"replies":[{"embeddable":true,"href":"https:\/\/sirintrading.com\/sq\/wp-json\/wp\/v2\/comments?post=8699"}],"wp:featuredmedia":[{"embeddable":true,"href":"https:\/\/sirintrading.com\/sq\/wp-json\/wp\/v2\/media\/8700"}],"wp:attachment":[{"href":"https:\/\/sirintrading.com\/sq\/wp-json\/wp\/v2\/media?parent=8699"}],"wp:term":[{"taxonomy":"product_brand","embeddable":true,"href":"https:\/\/sirintrading.com\/sq\/wp-json\/wp\/v2\/product_brand?post=8699"},{"taxonomy":"product_cat","embeddable":true,"href":"https:\/\/sirintrading.com\/sq\/wp-json\/wp\/v2\/product_cat?post=8699"},{"taxonomy":"product_tag","embeddable":true,"href":"https:\/\/sirintrading.com\/sq\/wp-json\/wp\/v2\/product_tag?post=8699"}],"curies":[{"name":"wp","href":"https:\/\/api.w.org\/{rel}","templated":true}]}}